{"id":29,"date":"2020-11-16T16:13:34","date_gmt":"2020-11-16T16:13:34","guid":{"rendered":"https:\/\/ifanos.net\/?page_id=29"},"modified":"2020-11-21T14:40:09","modified_gmt":"2020-11-21T14:40:09","slug":"contact","status":"publish","type":"page","link":"https:\/\/ifanos.net\/?page_id=29","title":{"rendered":"Contact"},"content":{"rendered":"<p><span style=\"font-family: helvetica, arial, sans-serif;\">Peter Bank<\/span><br \/><span style=\"font-family: helvetica, arial, sans-serif;\">Florian Bemmerlein-Lux<\/span><br \/><span style=\"font-family: helvetica, arial, sans-serif;\">Hans J\u00fcrgen B\u00f6hmer <\/span><\/p>\n<p><span style=\"font-family: helvetica, arial, sans-serif;\">B\u00e4renschanzstr. 73 RG<\/span><br \/><span style=\"font-family: helvetica, arial, sans-serif;\">D 90429 N\u00fcrnberg<\/span><br \/><span style=\"font-family: helvetica, arial, sans-serif;\">GERMANY <\/span><\/p>\n<p><span style=\"font-family: helvetica, arial, sans-serif;\">Tel: \u00a0\u00a0\u00a0\u00a0\u00a0 +49 911 27 44 88 3 (or 5)<\/span><br \/><span style=\"font-family: helvetica, arial, sans-serif;\">Email:\u00a0\u00a0 info @ ifanos-concept.eu<\/span><\/p>\n\n\n<p><\/p>\n\n\n\n<p><\/p>\n","protected":false},"excerpt":{"rendered":"<p>Peter BankFlorian Bemmerlein-LuxHans J\u00fcrgen B\u00f6hmer B\u00e4renschanzstr. 73 RGD 90429 N\u00fcrnbergGERMANY Tel: \u00a0\u00a0\u00a0\u00a0\u00a0 +49 911 27 44 88 3 (or 5)Email:\u00a0\u00a0 info @ ifanos-concept.eu<\/p>\n","protected":false},"author":1,"featured_media":0,"parent":4,"menu_order":4,"comment_status":"closed","ping_status":"closed","template":"","meta":[],"_links":{"self":[{"href":"https:\/\/ifanos.net\/index.php?rest_route=\/wp\/v2\/pages\/29"}],"collection":[{"href":"https:\/\/ifanos.net\/index.php?rest_route=\/wp\/v2\/pages"}],"about":[{"href":"https:\/\/ifanos.net\/index.php?rest_route=\/wp\/v2\/types\/page"}],"author":[{"embeddable":true,"href":"https:\/\/ifanos.net\/index.php?rest_route=\/wp\/v2\/users\/1"}],"replies":[{"embeddable":true,"href":"https:\/\/ifanos.net\/index.php?rest_route=%2Fwp%2Fv2%2Fcomments&post=29"}],"version-history":[{"count":8,"href":"https:\/\/ifanos.net\/index.php?rest_route=\/wp\/v2\/pages\/29\/revisions"}],"predecessor-version":[{"id":230,"href":"https:\/\/ifanos.net\/index.php?rest_route=\/wp\/v2\/pages\/29\/revisions\/230"}],"up":[{"embeddable":true,"href":"https:\/\/ifanos.net\/index.php?rest_route=\/wp\/v2\/pages\/4"}],"wp:attachment":[{"href":"https:\/\/ifanos.net\/index.php?rest_route=%2Fwp%2Fv2%2Fmedia&parent=29"}],"curies":[{"name":"wp","href":"https:\/\/api.w.org\/{rel}","templated":true}]}}